{"id":697,"date":"2019-01-21T23:23:32","date_gmt":"2019-01-21T23:23:32","guid":{"rendered":"http:\/\/xilotl.org.mx\/wp1\/?page_id=697"},"modified":"2019-03-06T22:46:39","modified_gmt":"2019-03-06T22:46:39","slug":"quienes-somos","status":"publish","type":"page","link":"http:\/\/xilotl.org.mx\/wp1\/quienes-somos\/","title":{"rendered":"\u00bfQuienes somos?"},"content":{"rendered":"\n<p>Somos una organizaci\u00f3n con un trabajo realizado en m\u00e1s de&nbsp;20 a\u00f1os que abarca a m\u00e1s de 50 organizaciones sociales, campesinas, ind\u00edgenas y civiles, en M\u00e9xico, Guatemala y Cuba, que ejecutan proyectos de agricultura sostenible, soberan\u00eda alimentaria y derechos humanos y colectivos, con enfoque de g\u00e9nero. <\/p>\n\n\n\n<p>Xilotl colabora con<\/p>\n\n\n\n<div class=\"wp-block-columns has-2-columns is-layout-flex wp-container-core-columns-is-layout-1 wp-block-columns-is-layout-flex\">\n<div class=\"wp-block-column is-layout-flow wp-block-column-is-layout-flow\">\n<ul class=\"wp-block-list\"><li>Organizaciones en promoci\u00f3n del desarrollo rural sostenible.<\/li><li>Organizaciones de Mujeres Ind\u00edgenas.<\/li><li>Entidades de promoci\u00f3n del desarrollo comunitario ind\u00edgena.<\/li><li>Organizaciones e instituciones dedicadas a la prevenci\u00f3n de riesgos.<\/li><li>Organizaciones no gubernamentales de desarrollo.<\/li><\/ul>\n<\/div>\n\n\n\n<div class=\"wp-block-column is-layout-flow wp-block-column-is-layout-flow\">\n<ul class=\"wp-block-list\"><li>Entidades de cooperaci\u00f3n internacional.<\/li><li>Plataformas y redes nacionales e internacionales.<\/li><li>Sectores locales de desarrollo<\/li><li>Iglesias y espacios ecum\u00e9nicos<\/li><\/ul>\n<\/div>\n<\/div>\n\n\n<hr id=\"mision\" class=\"wp-block-separator is-style-default\">\n\n\n<div class=\"wp-block-columns has-2-columns is-layout-flex wp-container-core-columns-is-layout-2 wp-block-columns-is-layout-flex\">\n<div class=\"wp-block-column is-layout-flow wp-block-column-is-layout-flow\">\n<h3 class=\"wp-block-heading\" style=\"text-align:center\"><strong>Misi\u00f3n<\/strong><\/h3>\n\n\n\n<p style=\"text-align:left\">Somos una organizaci\u00f3n&nbsp;civil multicultural con un profundo compromiso hacia los mas pobres que considera el trabajo en la comunidades promoviendo una relaci\u00f3n&nbsp;horizontal como la base de su metodolog\u00eda. Trabajamos con estructuras organizadas, promotoras y promotores, ni\u00f1os y ni\u00f1as, lideres, mujeres y poblaci\u00f3n en general de comunidades populares, indigenas y campesinas. Brindamos conocimientos y herramientas necesarias para la construcci\u00f3n de su desarrollo humano, integral y sostenible para la protecci\u00f3n y defensa de sus derechos humanos y de sus bienes naturales.<\/p>\n<\/div>\n\n\n\n<div class=\"wp-block-column is-layout-flow wp-block-column-is-layout-flow\">\n<h3 class=\"wp-block-heading\" style=\"text-align:center\"><strong>Visi\u00f3n<\/strong><\/h3>\n\n\n\n<p>\n\nSomos una organizaci\u00f3n civil integrada por hombres y mujeres, con capacidad para contribuir al desarrollo sustentable integral y autogesti\u00f3n&nbsp;que defiende los derechos humanos para el buen vivir de las comunidades ind\u00edgenas, campesinas y poblaciones marginadas con enfoque de genero e inclusi\u00f3n, respeto a la cultura y al medio ambiente\n\n<\/p>\n<\/div>\n<\/div>\n\n\n\n<hr class=\"wp-block-separator\"\/>\n\n\n\n<h1 class=\"wp-block-heading\" style=\"text-align:center\"> \u00bfD\u00f3nde trabajamos?<\/h1>\n\n\n\n<div class=\"wp-block-columns has-2-columns is-layout-flex wp-container-core-columns-is-layout-3 wp-block-columns-is-layout-flex\">\n<div class=\"wp-block-column is-layout-flow wp-block-column-is-layout-flow\">\n<h3 class=\".color-text {color: #852cc9;} wp-block-heading\"><\/h3>\n\n\n\n<ul class=\"wp-block-list\"><li>Ciudad de M\u00e9xico<\/li><li>Chiapas<\/li><li>Guerrero<\/li><li>Oaxaca<\/li><li>Michoac\u00e1n<\/li><li>Tlaxcala<\/li><\/ul>\n<\/div>\n\n\n\n<div class=\"wp-block-column is-layout-flow wp-block-column-is-layout-flow\">\n<figure class=\"wp-block-image\"><img loading=\"lazy\" decoding=\"async\" width=\"960\" height=\"640\" src=\"http:\/\/xilotl.org.mx\/wp1\/wp-content\/uploads\/2019\/02\/trabajamos.png\" alt=\"\" class=\"wp-image-953\" srcset=\"http:\/\/xilotl.org.mx\/wp1\/wp-content\/uploads\/2019\/02\/trabajamos.png 960w, http:\/\/xilotl.org.mx\/wp1\/wp-content\/uploads\/2019\/02\/trabajamos-300x200.png 300w, http:\/\/xilotl.org.mx\/wp1\/wp-content\/uploads\/2019\/02\/trabajamos-768x512.png 768w, http:\/\/xilotl.org.mx\/wp1\/wp-content\/uploads\/2019\/02\/trabajamos-750x500.png 750w\" sizes=\"(max-width: 960px) 100vw, 960px\" \/><\/figure>\n<\/div>\n<\/div>\n\n\n<hr id=\"valores\" class=\"wp-block-separator is-style-wide\">\n\n\n<div class=\"wp-block-columns has-2-columns is-layout-flex wp-container-core-columns-is-layout-4 wp-block-columns-is-layout-flex\">\n<div class=\"wp-block-column is-layout-flow wp-block-column-is-layout-flow\">\n<ul class=\"wp-block-list\"><li>Democracia<\/li><li>Autonom\u00eda<\/li><li>Respeto<\/li><li>Compromiso \u00e9tico,<\/li><li>Responsabilidad social<\/li><li>Transparencia<\/li><li>Trabajo interdisciplinario y de corresponsabilidad social<\/li><li>Eficiencia y eficacia<\/li><li>Orientaci\u00f3n hacia cambios.<\/li><li>Calidad en los servicios y actividades<\/li><\/ul>\n<\/div>\n\n\n\n<div class=\"wp-block-column is-layout-flow wp-block-column-is-layout-flow\">\n<p style=\"color:#5e00a3;font-size:50px;text-align:center\" class=\"has-text-color\"><strong>Valores institucionales<\/strong><\/p>\n<\/div>\n<\/div>\n","protected":false},"excerpt":{"rendered":"<p>Somos una organizaci\u00f3n con un trabajo realizado en m\u00e1s de&nbsp;20 a\u00f1os que abarca a m\u00e1s de 50 organizaciones sociales, campesinas, ind\u00edgenas y civiles, en M\u00e9xico, Guatemala y Cuba, que ejecutan proyectos de agricultura sostenible, soberan\u00eda alimentaria y derechos humanos y colectivos, con enfoque de g\u00e9nero. Xilotl colabora con Organizaciones en promoci\u00f3n del desarrollo rural sostenible. &hellip;<\/p>\n<p class=\"read-more\"> <a class=\"\" href=\"http:\/\/xilotl.org.mx\/wp1\/quienes-somos\/\"> <span class=\"screen-reader-text\">\u00bfQuienes somos?<\/span> Leer m\u00e1s &raquo;<\/a><\/p>\n","protected":false},"author":3,"featured_media":0,"parent":0,"menu_order":0,"comment_status":"closed","ping_status":"closed","template":"","meta":{"site-sidebar-layout":"default","site-content-layout":"default","ast-global-header-display":"","ast-main-header-display":"","ast-hfb-above-header-display":"","ast-hfb-below-header-display":"","ast-hfb-mobile-header-display":"","site-post-title":"","ast-breadcrumbs-content":"","ast-featured-img":"","footer-sml-layout":"","theme-transparent-header-meta":"","adv-header-id-meta":"","stick-header-meta":"","header-above-stick-meta":"","header-main-stick-meta":"","header-below-stick-meta":"","footnotes":""},"class_list":["post-697","page","type-page","status-publish","hentry"],"_links":{"self":[{"href":"http:\/\/xilotl.org.mx\/wp1\/wp-json\/wp\/v2\/pages\/697"}],"collection":[{"href":"http:\/\/xilotl.org.mx\/wp1\/wp-json\/wp\/v2\/pages"}],"about":[{"href":"http:\/\/xilotl.org.mx\/wp1\/wp-json\/wp\/v2\/types\/page"}],"author":[{"embeddable":true,"href":"http:\/\/xilotl.org.mx\/wp1\/wp-json\/wp\/v2\/users\/3"}],"replies":[{"embeddable":true,"href":"http:\/\/xilotl.org.mx\/wp1\/wp-json\/wp\/v2\/comments?post=697"}],"version-history":[{"count":24,"href":"http:\/\/xilotl.org.mx\/wp1\/wp-json\/wp\/v2\/pages\/697\/revisions"}],"predecessor-version":[{"id":1266,"href":"http:\/\/xilotl.org.mx\/wp1\/wp-json\/wp\/v2\/pages\/697\/revisions\/1266"}],"wp:attachment":[{"href":"http:\/\/xilotl.org.mx\/wp1\/wp-json\/wp\/v2\/media?parent=697"}],"curies":[{"name":"wp","href":"https:\/\/api.w.org\/{rel}","templated":true}]}}