{"id":652,"date":"2019-01-21T20:49:54","date_gmt":"2019-01-21T20:49:54","guid":{"rendered":"http:\/\/xilotl.org.mx\/wp1\/?page_id=652"},"modified":"2021-08-13T11:14:24","modified_gmt":"2021-08-13T16:14:24","slug":"contacto","status":"publish","type":"page","link":"http:\/\/xilotl.org.mx\/wp1\/contacto\/","title":{"rendered":"Contacto"},"content":{"rendered":"\n<h2 class=\"has-text-align-center wp-block-heading\">MANTENTE EN CONTACTO CON NOSOTROS<\/h2>\n\n\n\n<p class=\"has-text-align-center\">Si usted est\u00e1 interesado en tener alg\u00fan acercamiento con Xilotl, le invitamos a contactarnos por medio del siguiente formulario<\/p>\n\n\n\n<div style=\"height:50px\" aria-hidden=\"true\" class=\"wp-block-spacer\"><\/div>\n\n\n\n<div class=\"wp-block-columns is-layout-flex wp-container-core-columns-is-layout-1 wp-block-columns-is-layout-flex\">\n<div class=\"wp-block-column is-layout-flow wp-block-column-is-layout-flow\"><div class=\"wpforms-container wpforms-block\" id=\"wpforms-806\"><form id=\"wpforms-form-806\" class=\"wpforms-validate wpforms-form\" data-formid=\"806\" method=\"post\" enctype=\"multipart\/form-data\" action=\"\/wp1\/wp-json\/wp\/v2\/pages\/652\" data-token=\"21705fe305498d1cc8dfa673af8566a1\"><noscript class=\"wpforms-error-noscript\">Por favor, activa JavaScript en tu navegador para completar este formulario.<\/noscript><div class=\"wpforms-field-container\"><div id=\"wpforms-806-field_0-container\" class=\"wpforms-field wpforms-field-name\" data-field-id=\"0\"><label class=\"wpforms-field-label\" for=\"wpforms-806-field_0\">Nombre <span class=\"wpforms-required-label\">*<\/span><\/label><div class=\"wpforms-field-row wpforms-field-medium\"><div class=\"wpforms-field-row-block wpforms-first wpforms-one-half\"><input type=\"text\" id=\"wpforms-806-field_0\" class=\"wpforms-field-name-first wpforms-field-required\" name=\"wpforms[fields][0][first]\" required><label for=\"wpforms-806-field_0\" class=\"wpforms-field-sublabel after \">Nombre<\/label><\/div><div class=\"wpforms-field-row-block wpforms-one-half\"><input type=\"text\" id=\"wpforms-806-field_0-last\" class=\"wpforms-field-name-last wpforms-field-required\" name=\"wpforms[fields][0][last]\" required><label for=\"wpforms-806-field_0-last\" class=\"wpforms-field-sublabel after \">Apellidos<\/label><\/div><\/div><\/div><div id=\"wpforms-806-field_8-container\" class=\"wpforms-field wpforms-field-radio wpforms-list-inline\" data-field-id=\"8\"><label class=\"wpforms-field-label\" for=\"wpforms-806-field_8\">\u00c1rea de inter\u00e9s<\/label><ul id=\"wpforms-806-field_8\"><li class=\"choice-1 depth-1\"><input type=\"radio\" id=\"wpforms-806-field_8_1\" name=\"wpforms[fields][8]\" value=\"Asesor\u00eda\"  ><label class=\"wpforms-field-label-inline\" for=\"wpforms-806-field_8_1\">Asesor\u00eda<\/label><\/li><li class=\"choice-2 depth-1\"><input type=\"radio\" id=\"wpforms-806-field_8_2\" name=\"wpforms[fields][8]\" value=\"Voluntariado\"  ><label class=\"wpforms-field-label-inline\" for=\"wpforms-806-field_8_2\">Voluntariado<\/label><\/li><li class=\"choice-3 depth-1\"><input type=\"radio\" id=\"wpforms-806-field_8_3\" name=\"wpforms[fields][8]\" value=\"Servicio social\"  ><label class=\"wpforms-field-label-inline\" for=\"wpforms-806-field_8_3\">Servicio social<\/label><\/li><\/ul><\/div><div id=\"wpforms-806-field_1-container\" class=\"wpforms-field wpforms-field-email\" data-field-id=\"1\"><label class=\"wpforms-field-label\" for=\"wpforms-806-field_1\">Correo electr\u00f3nico <span class=\"wpforms-required-label\">*<\/span><\/label><input type=\"email\" id=\"wpforms-806-field_1\" class=\"wpforms-field-medium wpforms-field-required\" name=\"wpforms[fields][1]\" spellcheck=\"false\" required><\/div><div id=\"wpforms-806-field_6-container\" class=\"wpforms-field wpforms-field-text\" data-field-id=\"6\"><label class=\"wpforms-field-label\" for=\"wpforms-806-field_6\">Tel\u00e9fono<\/label><input type=\"text\" id=\"wpforms-806-field_6\" class=\"wpforms-field-medium\" name=\"wpforms[fields][6]\" ><\/div><div id=\"wpforms-806-field_2-container\" class=\"wpforms-field wpforms-field-textarea\" data-field-id=\"2\"><label class=\"wpforms-field-label\" for=\"wpforms-806-field_2\">Comentario o mensaje <span class=\"wpforms-required-label\">*<\/span><\/label><textarea id=\"wpforms-806-field_2\" class=\"wpforms-field-medium wpforms-field-required\" name=\"wpforms[fields][2]\" required><\/textarea><\/div><\/div><!-- .wpforms-field-container --><div class=\"wpforms-field wpforms-field-hp\"><label for=\"wpforms-806-field-hp\" class=\"wpforms-field-label\">Email<\/label><input type=\"text\" name=\"wpforms[hp]\" id=\"wpforms-806-field-hp\" class=\"wpforms-field-medium\"><\/div><div class=\"wpforms-submit-container\" ><input type=\"hidden\" name=\"wpforms[id]\" value=\"806\"><input type=\"hidden\" name=\"wpforms[author]\" value=\"3\"><button type=\"submit\" name=\"wpforms[submit]\" id=\"wpforms-submit-806\" class=\"wpforms-submit\" data-alt-text=\"Enviando...\" data-submit-text=\"Enviar\" aria-live=\"assertive\" value=\"wpforms-submit\">Enviar<\/button><\/div><\/form><\/div>  <!-- .wpforms-container --><\/div>\n\n\n\n<div class=\"wp-block-column is-layout-flow wp-block-column-is-layout-flow\">\n<p><strong>Oficinas CDMX<\/strong><br>Xilotl Asociaci\u00f3n para el Desarrollo Social A.C<br>Av. San Jer\u00f3nimo 157-departamento 101, Loreto y Campamento, \u00c1lvaro Obreg\u00f3n, C.P 01090, Ciudad de M\u00e9xico.<br>Tel: 01 55-5550-0804, 01 55-5616-4520<br>noemixilotl@gmail.com<\/p>\n\n\n\n<iframe loading=\"lazy\" src=\"https:\/\/www.google.com\/maps\/embed?pb=!1m18!1m12!1m3!1d1882.3796036869492!2d-99.19634054185397!3d19.336252327646093!2m3!1f0!2f0!3f0!3m2!1i1024!2i768!4f13.1!3m3!1m2!1s0x85d2016fc51d3dcd%3A0x2c82983876a84bd0!2sXilotl%2C+Asociaci%C3%B3n+para+el+Desarrollo+Social!5e0!3m2!1ses!2sus!4v1548178623852\" width=\"100%\" height=\"250\" frameborder=\"0\" style=\"border:0\" allowfullscreen=\"\"><\/iframe>\n<\/div>\n<\/div>\n\n\n\n<div class=\"wp-block-columns has-2-columns is-layout-flex wp-container-core-columns-is-layout-2 wp-block-columns-is-layout-flex\">\n<div class=\"wp-block-column is-layout-flow wp-block-column-is-layout-flow\">\n<p><strong>Oficina Ocosingo, Chiapas<\/strong><br>Xilotl Asociaci\u00f3n para el Desarrollo Social A.C<br>Avenida 1era. Sur Poniente #87, Col. Centro, Entre calle 2da. Sur poniente y la 3er. Sur Poniente, 29950 Ocosingo, Chis.<br>guillexilotl@gmail.com<\/p>\n<\/div>\n\n\n\n<div class=\"wp-block-column is-layout-flow wp-block-column-is-layout-flow\">\n<iframe loading=\"lazy\" src=\"https:\/\/www.google.com\/maps\/embed?pb=!1m18!1m12!1m3!1d954.3404717456041!2d-92.097107370776!3d16.907426482409775!2m3!1f0!2f0!3f0!3m2!1i1024!2i768!4f13.1!3m3!1m2!1s0x85f2ea79f7f7ed85%3A0xfb9f24735023c952!2sAv.+Primera+Sur+Pte.+87%2C+Centro%2C+29950+Ocosingo%2C+Chis.!5e0!3m2!1ses!2smx!4v1551469977980\" width=\"100%\" height=\"250\" frameborder=\"0\" style=\"border:0\" allowfullscreen=\"\"><\/iframe>\n<\/div>\n<\/div>\n","protected":false},"excerpt":{"rendered":"<p>MANTENTE EN CONTACTO CON NOSOTROS Si usted est\u00e1 interesado en tener alg\u00fan acercamiento con Xilotl, le invitamos a contactarnos por medio del siguiente formulario Oficinas CDMXXilotl Asociaci\u00f3n para el Desarrollo Social A.CAv. San Jer\u00f3nimo 157-departamento 101, Loreto y Campamento, \u00c1lvaro Obreg\u00f3n, C.P 01090, Ciudad de M\u00e9xico.Tel: 01 55-5550-0804, 01 55-5616-4520noemixilotl@gmail.com Oficina Ocosingo, ChiapasXilotl Asociaci\u00f3n para &hellip;<\/p>\n<p class=\"read-more\"> <a class=\"\" href=\"http:\/\/xilotl.org.mx\/wp1\/contacto\/\"> <span class=\"screen-reader-text\">Contacto<\/span> Leer m\u00e1s &raquo;<\/a><\/p>\n","protected":false},"author":3,"featured_media":0,"parent":0,"menu_order":0,"comment_status":"closed","ping_status":"closed","template":"","meta":{"site-sidebar-layout":"default","site-content-layout":"default","ast-global-header-display":"","ast-main-header-display":"","ast-hfb-above-header-display":"","ast-hfb-below-header-display":"","ast-hfb-mobile-header-display":"","site-post-title":"","ast-breadcrumbs-content":"","ast-featured-img":"","footer-sml-layout":"","theme-transparent-header-meta":"","adv-header-id-meta":"","stick-header-meta":"","header-above-stick-meta":"","header-main-stick-meta":"","header-below-stick-meta":"","footnotes":""},"class_list":["post-652","page","type-page","status-publish","hentry"],"_links":{"self":[{"href":"http:\/\/xilotl.org.mx\/wp1\/wp-json\/wp\/v2\/pages\/652"}],"collection":[{"href":"http:\/\/xilotl.org.mx\/wp1\/wp-json\/wp\/v2\/pages"}],"about":[{"href":"http:\/\/xilotl.org.mx\/wp1\/wp-json\/wp\/v2\/types\/page"}],"author":[{"embeddable":true,"href":"http:\/\/xilotl.org.mx\/wp1\/wp-json\/wp\/v2\/users\/3"}],"replies":[{"embeddable":true,"href":"http:\/\/xilotl.org.mx\/wp1\/wp-json\/wp\/v2\/comments?post=652"}],"version-history":[{"count":24,"href":"http:\/\/xilotl.org.mx\/wp1\/wp-json\/wp\/v2\/pages\/652\/revisions"}],"predecessor-version":[{"id":2818,"href":"http:\/\/xilotl.org.mx\/wp1\/wp-json\/wp\/v2\/pages\/652\/revisions\/2818"}],"wp:attachment":[{"href":"http:\/\/xilotl.org.mx\/wp1\/wp-json\/wp\/v2\/media?parent=652"}],"curies":[{"name":"wp","href":"https:\/\/api.w.org\/{rel}","templated":true}]}}